{"id":9,"date":"2020-04-21T14:48:29","date_gmt":"2020-04-21T14:48:29","guid":{"rendered":"https:\/\/www.legrandchic.cl\/online\/?page_id=9"},"modified":"2024-04-24T15:16:57","modified_gmt":"2024-04-24T15:16:57","slug":"donde-operamos","status":"publish","type":"page","link":"https:\/\/www.legrandchic.cl\/online\/donde-operamos\/","title":{"rendered":"\u00bfD\u00f3nde Operamos?"},"content":{"rendered":"<p>Nuestras operaciones se encuentran ubicadas en diversos puntos estrat\u00e9gicos a lo largo de todo el pa\u00eds. Contamos con centros de operaciones en la I y II Regi\u00f3n junto a nuestra casa matriz en la Regi\u00f3n Metropolitana.<\/p>\n","protected":false},"excerpt":{"rendered":"<p>Nuestras operaciones se encuentran ubicadas en diversos puntos estrat\u00e9gicos a lo largo de todo el pa\u00eds. Contamos con centros de operaciones en la I y II Regi\u00f3n junto a nuestra casa matriz en la Regi\u00f3n Metropolitana.<\/p>\n","protected":false},"author":1,"featured_media":0,"parent":0,"menu_order":0,"comment_status":"open","ping_status":"closed","template":"page-donde.php","meta":{"_acf_changed":false,"content-type":"","footnotes":""},"class_list":["post-9","page","type-page","status-publish","hentry"],"acf":[],"yoast_head":"<!-- This site is optimized with the Yoast SEO plugin v27.5 - https:\/\/yoast.com\/product\/yoast-seo-wordpress\/ -->\n<title>\u00bfD\u00f3nde Operamos? - Le Grand Chic<\/title>\n<meta name=\"robots\" content=\"index, follow, max-snippet:-1, max-image-preview:large, max-video-preview:-1\" \/>\n<link rel=\"canonical\" href=\"https:\/\/www.legrandchic.cl\/online\/donde-operamos\/\" \/>\n<meta property=\"og:locale\" content=\"es_ES\" \/>\n<meta property=\"og:type\" content=\"article\" \/>\n<meta property=\"og:title\" content=\"\u00bfD\u00f3nde Operamos? - Le Grand Chic\" \/>\n<meta property=\"og:description\" content=\"Nuestras operaciones se encuentran ubicadas en diversos puntos estrat\u00e9gicos a lo largo de todo el pa\u00eds. Contamos con centros de operaciones en la I y II Regi\u00f3n junto a nuestra casa matriz en la Regi\u00f3n Metropolitana.\" \/>\n<meta property=\"og:url\" content=\"https:\/\/www.legrandchic.cl\/online\/donde-operamos\/\" \/>\n<meta property=\"og:site_name\" content=\"Le Grand Chic\" \/>\n<meta property=\"article:modified_time\" content=\"2024-04-24T15:16:57+00:00\" \/>\n<meta name=\"twitter:card\" content=\"summary_large_image\" \/>\n<meta name=\"twitter:label1\" content=\"Tiempo de lectura\" \/>\n\t<meta name=\"twitter:data1\" content=\"1 minuto\" \/>\n<script type=\"application\/ld+json\" class=\"yoast-schema-graph\">{\"@context\":\"https:\\\/\\\/schema.org\",\"@graph\":[{\"@type\":\"WebPage\",\"@id\":\"https:\\\/\\\/www.legrandchic.cl\\\/online\\\/donde-operamos\\\/\",\"url\":\"https:\\\/\\\/www.legrandchic.cl\\\/online\\\/donde-operamos\\\/\",\"name\":\"\u00bfD\u00f3nde Operamos? - Le Grand Chic\",\"isPartOf\":{\"@id\":\"https:\\\/\\\/www.legrandchic.cl\\\/online\\\/#website\"},\"datePublished\":\"2020-04-21T14:48:29+00:00\",\"dateModified\":\"2024-04-24T15:16:57+00:00\",\"inLanguage\":\"es\",\"potentialAction\":[{\"@type\":\"ReadAction\",\"target\":[\"https:\\\/\\\/www.legrandchic.cl\\\/online\\\/donde-operamos\\\/\"]}]},{\"@type\":\"WebSite\",\"@id\":\"https:\\\/\\\/www.legrandchic.cl\\\/online\\\/#website\",\"url\":\"https:\\\/\\\/www.legrandchic.cl\\\/online\\\/\",\"name\":\"Le Grand Chic\",\"description\":\"Servicio de Lavander\u00eda Industrial para Empresas\",\"potentialAction\":[{\"@type\":\"SearchAction\",\"target\":{\"@type\":\"EntryPoint\",\"urlTemplate\":\"https:\\\/\\\/www.legrandchic.cl\\\/online\\\/?s={search_term_string}\"},\"query-input\":{\"@type\":\"PropertyValueSpecification\",\"valueRequired\":true,\"valueName\":\"search_term_string\"}}],\"inLanguage\":\"es\"}]}<\/script>\n<!-- \/ Yoast SEO plugin. -->","yoast_head_json":{"title":"\u00bfD\u00f3nde Operamos? - Le Grand Chic","robots":{"index":"index","follow":"follow","max-snippet":"max-snippet:-1","max-image-preview":"max-image-preview:large","max-video-preview":"max-video-preview:-1"},"canonical":"https:\/\/www.legrandchic.cl\/online\/donde-operamos\/","og_locale":"es_ES","og_type":"article","og_title":"\u00bfD\u00f3nde Operamos? - Le Grand Chic","og_description":"Nuestras operaciones se encuentran ubicadas en diversos puntos estrat\u00e9gicos a lo largo de todo el pa\u00eds. Contamos con centros de operaciones en la I y II Regi\u00f3n junto a nuestra casa matriz en la Regi\u00f3n Metropolitana.","og_url":"https:\/\/www.legrandchic.cl\/online\/donde-operamos\/","og_site_name":"Le Grand Chic","article_modified_time":"2024-04-24T15:16:57+00:00","twitter_card":"summary_large_image","twitter_misc":{"Tiempo de lectura":"1 minuto"},"schema":{"@context":"https:\/\/schema.org","@graph":[{"@type":"WebPage","@id":"https:\/\/www.legrandchic.cl\/online\/donde-operamos\/","url":"https:\/\/www.legrandchic.cl\/online\/donde-operamos\/","name":"\u00bfD\u00f3nde Operamos? - Le Grand Chic","isPartOf":{"@id":"https:\/\/www.legrandchic.cl\/online\/#website"},"datePublished":"2020-04-21T14:48:29+00:00","dateModified":"2024-04-24T15:16:57+00:00","inLanguage":"es","potentialAction":[{"@type":"ReadAction","target":["https:\/\/www.legrandchic.cl\/online\/donde-operamos\/"]}]},{"@type":"WebSite","@id":"https:\/\/www.legrandchic.cl\/online\/#website","url":"https:\/\/www.legrandchic.cl\/online\/","name":"Le Grand Chic","description":"Servicio de Lavander\u00eda Industrial para Empresas","potentialAction":[{"@type":"SearchAction","target":{"@type":"EntryPoint","urlTemplate":"https:\/\/www.legrandchic.cl\/online\/?s={search_term_string}"},"query-input":{"@type":"PropertyValueSpecification","valueRequired":true,"valueName":"search_term_string"}}],"inLanguage":"es"}]}},"_links":{"self":[{"href":"https:\/\/www.legrandchic.cl\/online\/wp-json\/wp\/v2\/pages\/9","targetHints":{"allow":["GET"]}}],"collection":[{"href":"https:\/\/www.legrandchic.cl\/online\/wp-json\/wp\/v2\/pages"}],"about":[{"href":"https:\/\/www.legrandchic.cl\/online\/wp-json\/wp\/v2\/types\/page"}],"author":[{"embeddable":true,"href":"https:\/\/www.legrandchic.cl\/online\/wp-json\/wp\/v2\/users\/1"}],"replies":[{"embeddable":true,"href":"https:\/\/www.legrandchic.cl\/online\/wp-json\/wp\/v2\/comments?post=9"}],"version-history":[{"count":0,"href":"https:\/\/www.legrandchic.cl\/online\/wp-json\/wp\/v2\/pages\/9\/revisions"}],"wp:attachment":[{"href":"https:\/\/www.legrandchic.cl\/online\/wp-json\/wp\/v2\/media?parent=9"}],"curies":[{"name":"wp","href":"https:\/\/api.w.org\/{rel}","templated":true}]}}